{"id":154,"date":"2024-01-18T17:32:35","date_gmt":"2024-01-18T23:32:35","guid":{"rendered":"https:\/\/alascomunidad.org\/alas\/?page_id=154"},"modified":"2024-04-29T11:23:15","modified_gmt":"2024-04-29T17:23:15","slug":"taller-nuevo","status":"publish","type":"page","link":"https:\/\/alascomunidad.org\/alas\/lo-cotidiano\/taller-nuevo\/","title":{"rendered":"Taller nuevo"},"content":{"rendered":"<p>&nbsp;<\/p>\n<h1>Camino colectivo<\/h1>\n<h3>Proponer talleres nuevos<\/h3>\n<p>En todo tiempo se pueden hacer propuestas de talleres nuevos. Es la asamblea de estudiantes la que realiza esta actividad. La asamblea de maypas tambi\u00e9n puede proponer un taller nuevo.<\/p>\n<ol>\n<li>Dialogar en la asamblea de estudiantes sobre el inter\u00e9s en alg\u00fan campo del saber, si hay m\u00e1s de un tercio de los estudiantes a favor de abrir un taller nuevo en particular.<\/li>\n<li>Externar a la asamblea de facilitadores que est\u00e1n en busca y el porqu\u00e9 mediante un comunicado en documento compartido.<\/li>\n<li>Revisar la historia de talleres similaes para no olvidar las razones por las que se cerraron (para no repetir).<\/li>\n<li>Verificar con la asamblea de facilitadores que exista espacio, tiempo y recursos para llevar a cabo el taller.<\/li>\n<li>De contar con espacio y recursos se ha buscar al facilitador(a).<\/li>\n<li>El candidato a facilitador deber\u00e1 conocer lo que es Alas y ser afin al proyecto y establecer un compromiso con el proyecto y la asamblea de facilitadores.<\/li>\n<li>Ya que la asamblea de facilitadores y el facilitador nuevo hubieran dialogado podr\u00e1 presentar a los estudiantes los objetivos, metas, calendarios del taller.<\/li>\n<li>Esos acuerdos pasan por la aprobaci\u00f3n de la asamblea de facilitadores por lo que implica. Es necesario hacer este proceso con anticipaci\u00f3n. Los talleres nuevos no comienzan en el semestre en que se hace la propuesta ni durante las vacaciones.<\/li>\n<\/ol>\n<p>Por cuestiones de log\u00edstica la Asamblea de facilitadores no puede garantizar que una vez iniciado el proceso implicar\u00eda que el pr\u00f3ximo semestre el taller se abrir\u00e1 sino que esto depender\u00e1 que se cumplan los ocho puntos antes mencionados y el facilitador tenga la disponibilidad del tiempo.<\/p>\n<p><strong>Todo el proceso descrito anteriormente deber\u00e1 comunicarse y dialogarse con asamblea de facilitadores.<\/strong><\/p>\n<p>&nbsp;<\/p>\n<h1><\/h1>\n<h3>Semana para selecci\u00f3n de talleres<\/h3>\n<p>Esta semana pasaron por todos los talleres de Alas de este ciclo, conocieron a sus facilitadores y se enteraron de qu\u00e9 se tratan sus talleres. Ahora es tiempo de reflexionar un poco y tomar decisiones.<\/p>\n<p>Al momento de elegir talleres esperamos que elijan aquellos que les provoquen inter\u00e9s y aquellos temas que de verdad les den ganas de aprender. Al mismo tiempo es importante que le den oportunidad a aquellos talleres que quiz\u00e1 no suenan tan divertidos pero son importantes para el aprendizaje y para ustedes.<\/p>\n<p>Antes de elegir talleres revisen las descripciones y m\u00ednimos requeridos de los mismos, platiquen con sus pap\u00e1s y ahora s\u00ed, tomen sus decisiones. El compromiso para un taller es de todo el a\u00f1o.<\/p>\n<h3>\u00bfC\u00f3mo salirme de un taller?<\/h3>\n<p>En ocasiones decidimos participar en un taller y por diferentes razones, a lo largo del semestre, nos damos cuenta que no nos interesa tanto el tema o no nos podemos comprometer a cumplir con sus requisitos.<\/p>\n<p>En Alas es importante que cada estudiante participe en funci\u00f3n de su inter\u00e9s y no lo haga a las fuerzas. Si este es tu caso y quieres salirte de un taller:<\/p>\n<p>1- Platica con tus pap\u00e1s sobre tus inquietudes o problemas en el taller. Es preferente intentar solucionarlos primero antes de optar por salirte definitivamente.<\/p>\n<p>2- Platica con tu acompa\u00f1ante. Quien te debe ayudar en el conjutno de tus actividades para ver y trabajar en lo mejor para ti. Te ha de invitar al di\u00e1logo con tus pap\u00e1s, para que ellos te apoyen en lo que necesites. asamblea de estudiantes o facilitador no fue posible solucionar aquello por lo que deseas salirte, deber\u00e1s dialogar con la persona encargada de tu taller sobre tus inquietudes e inf\u00f3rmale que deseas salirte del taller.<\/p>\n<p>3- Es posible que la persona encargada te pide que cierres el ciclo con alguna actividad o termines actividades pendientes antes de poder salirte pero no necesariamente es as\u00ed. A final de cuentas el di\u00e1logo con la persona encargada de un taller es necesario.<\/p>\n<p>4- A partir del pr\u00f3ximo semestre podr\u00e1s dejar de participar en el taller.<\/p>\n<p>&nbsp;<\/p>\n","protected":false},"excerpt":{"rendered":"<p>&nbsp; Camino colectivo Proponer talleres nuevos En todo tiempo se pueden hacer propuestas de talleres nuevos. Es la asamblea de estudiantes la que realiza esta actividad. La asamblea de maypas tambi\u00e9n puede proponer un taller nuevo. Dialogar en la asamblea de estudiantes sobre el inter\u00e9s en alg\u00fan campo del saber, si hay m\u00e1s de un [&hellip;]<\/p>\n","protected":false},"author":1,"featured_media":0,"parent":382,"menu_order":5,"comment_status":"closed","ping_status":"closed","template":"","meta":{"footnotes":""},"class_list":["post-154","page","type-page","status-publish","hentry"],"_links":{"self":[{"href":"https:\/\/alascomunidad.org\/alas\/wp-json\/wp\/v2\/pages\/154","targetHints":{"allow":["GET"]}}],"collection":[{"href":"https:\/\/alascomunidad.org\/alas\/wp-json\/wp\/v2\/pages"}],"about":[{"href":"https:\/\/alascomunidad.org\/alas\/wp-json\/wp\/v2\/types\/page"}],"author":[{"embeddable":true,"href":"https:\/\/alascomunidad.org\/alas\/wp-json\/wp\/v2\/users\/1"}],"replies":[{"embeddable":true,"href":"https:\/\/alascomunidad.org\/alas\/wp-json\/wp\/v2\/comments?post=154"}],"version-history":[{"count":4,"href":"https:\/\/alascomunidad.org\/alas\/wp-json\/wp\/v2\/pages\/154\/revisions"}],"predecessor-version":[{"id":220,"href":"https:\/\/alascomunidad.org\/alas\/wp-json\/wp\/v2\/pages\/154\/revisions\/220"}],"up":[{"embeddable":true,"href":"https:\/\/alascomunidad.org\/alas\/wp-json\/wp\/v2\/pages\/382"}],"wp:attachment":[{"href":"https:\/\/alascomunidad.org\/alas\/wp-json\/wp\/v2\/media?parent=154"}],"curies":[{"name":"wp","href":"https:\/\/api.w.org\/{rel}","templated":true}]}}