{"id":186,"date":"2024-01-19T07:25:56","date_gmt":"2024-01-19T13:25:56","guid":{"rendered":"https:\/\/alascomunidad.org\/alas\/?page_id=186"},"modified":"2025-11-19T13:07:18","modified_gmt":"2025-11-19T19:07:18","slug":"comisiones","status":"publish","type":"page","link":"https:\/\/alascomunidad.org\/alas\/lo-cotidiano\/comisiones\/","title":{"rendered":"Comisiones"},"content":{"rendered":"<h1>Admisi\u00f3n<\/h1>\n<p>El objetivo ha de ser buscar afinidad, compartir una visi\u00f3n del mundo, encontrar familias que resuenan con esta construcci\u00f3n de comunidad dentro de esta ciudad y su jungla de concreto.<\/p>\n<p>Conocer a las familias y al mismo tiempo dar a conocer el proyecto.<\/p>\n<p>Establecer, junto con la comisi\u00f3n de comunicaci\u00f3n externa las fechas de los conversatorios.<\/p>\n<p>Comunicar a la comisi\u00f3n de acompa\u00f1amiento y luego de econom\u00eda la integraci\u00f3n de las nuevas familias y aprendices para la suave integraci\u00f3n en la vida cotidiana de Alas.<\/p>\n<p>Comunicaci\u00f3n con la asamblea de facilitadores.<\/p>\n<p>&nbsp;<\/p>\n<h1>Coordinaci\u00f3n<\/h1>\n<p>Buscar que el caminar de la comunidad sea parejo, que todos se enteren de todos, tambi\u00e9n medir el sentir de todos y de cada uno, para llevar, en la medida de lo posible a todos a buen puerto.<\/p>\n<p>&nbsp;<\/p>\n<h1>Econom\u00eda<\/h1>\n<p>Recabar y cuidar los recursos para el sostenimiento de la comunidad. Pagar renta de espacio ocupado por Alas. Entregar remuneraci\u00f3n a los facilitadores. Dar seguimiento a otros recursos que aportan las familias, como tiempo y tareas espec\u00edficas para resolver necesidades de la comunidad.<\/p>\n<p>Trabajar en la procuraci\u00f3n de recursos.<\/p>\n<p>M\u00e1s transparencia en los reportes.<\/p>\n<p>Plan de trabajo de 3 y 5 a\u00f1os.<\/p>\n<p>&nbsp;<\/p>\n<h1>Seguridad<\/h1>\n<ul>\n<li>Seguro colectivo<\/li>\n<li>Primeros auxilios, junto a comisi\u00f3n de salud.<\/li>\n<li>Taller desapariciones y violencia de genero.<\/li>\n<li>Seguridad en la red.<\/li>\n<li>Tutor\u00eda jur\u00eddica para Alas en lo laboral y espacio.<\/li>\n<\/ul>\n<h1>Acuerdos asamblea enero 2024<\/h1>\n<ul>\n<li>Espacio f\u00edsico para cosas de los estudiantes.<\/li>\n<li>Reuniones virtuales<\/li>\n<li>Funciones y atribuciones por comisi\u00f3n.<\/li>\n<li>Asesor\u00eda pedag\u00f3gica.<\/li>\n<li>Bolet\u00edn.<\/li>\n<li>Comunicar.<\/li>\n<li>Crecer hasta 40 estudiantes.<\/li>\n<li>Asignar lugar para celular.<\/li>\n<li>Retomar los 1o minutos.<\/li>\n<li>Generar espacios para dialogar sobre qu\u00e9 es Alas.<\/li>\n<li>Foro sobre comunidad.<\/li>\n<li>Aguinaldo.<\/li>\n<li>Crear archivo Alas.<\/li>\n<li>Aprendemos todos (escuela padres)<\/li>\n<li>Fechas para nuevos talleres.<\/li>\n<\/ul>\n<p>&nbsp;<\/p>\n<h1>Salud<\/h1>\n<ul>\n<li>Diagn\u00f3stico sobre salud y el concepto de cada quien.<\/li>\n<li>Pir\u00e1mide se realizar\u00e1 sobre el concepto de salud.<\/li>\n<li>Canastas agroecolo\u00f3gicas<\/li>\n<li>Visitas a industrias, salidas a sitios agroecol\u00f3gicos.<\/li>\n<li>Trabajo con las emociones<\/li>\n<li>Traer la naturaleza, siembra cosecha.<\/li>\n<li>Botiqu\u00edn.<\/li>\n<\/ul>\n<p>&nbsp;<\/p>\n<h1>Comunicaci\u00f3n<\/h1>\n<p>Se encarga de un conjunto de acciones, tareas, encomiendas, que tienen que ver con acercarnos a otros, que no conocemos todav\u00eda, dando a conocer lo que como Alas estamos proponiendo y haciendo. Esto para tejer v\u00ednculos, encontrar personas y organizaciones afines para aprender mutuamente, establecer relaciones de apoyo mutuo, y que nuestra acci\u00f3n se sume a un movimiento de cambio profundo en el pa\u00eds y en Latinoam\u00e9rica. Ir logrando que Alas se conozca como una comunidad de aprendizaje sin fines de lucro, sin autoritarismos ni dogmas; que se construye desde el respeto, el di\u00e1logo, el inter\u00e9s, la acci\u00f3n, el trabajo colectivo y el compromiso.<\/p>\n<h3>Proyecto 23-24<\/h3>\n<ul>\n<li>Bolet\u00edn.<\/li>\n<li>Sitio web 2.0.<\/li>\n<li>Preparar convestarorios.<\/li>\n<li>Participaci\u00f3n en redes.<\/li>\n<li>Redes sociales por Internet (Facebook, Instagram, Gmail)\n<ul>\n<li>Facebook <a href=\"https:\/\/www.facebook.com\/alascomunidaddeaprendizajeenlibertad\">Alas, Comunidad de aprendizaje en libertad<\/a><\/li>\n<li>Instagram\u00a0 <a href=\"https:\/\/www.instagram.com\/alasaprendizajeenlibertad\/\">Iniciativa de estudiantes<\/a><\/li>\n<\/ul>\n<\/li>\n<li><a href=\"https:\/\/alascomunidad.org\/comisiones\/conversatorio.html\">Conversatorios<\/a><br \/>\nParticipan personas de las tres asambleas que se apuntan voluntariamente.<\/li>\n<\/ul>\n<p>&nbsp;<\/p>\n<h1>Espacio<\/h1>\n<p>Estar pendiente de necesidades log\u00edsticas para que entre todos logremos un ambiente propicio para el aprendizaje (existencia de material, decoraci\u00f3n, reparaci\u00f3n de mobiliario, etc.).<\/p>\n<ul>\n<li>Plan de mantenimiento durante Alas y en vacaciones.<\/li>\n<li>Plan de espacio seg\u00fan las necesidades (nuevos alumnos).<\/li>\n<\/ul>\n<p>&nbsp;<\/p>\n<p>&nbsp;<\/p>\n<h1>Asesor\u00eda pedag\u00f3gica<\/h1>\n<ul>\n<li>Plan<\/li>\n<\/ul>\n<p>&nbsp;<\/p>\n<p>&nbsp;<\/p>\n<h1>Cultura de Paz<\/h1>\n<p>Queremos como comisi\u00f3n ayudar en la contsrucci\u00f3n de una cultura de paz.<\/p>\n<p>En el plan de trabajo del 23-24 estos ser\u00e1n temas centrales:<\/p>\n<ul>\n<li>Espacio seguro.<\/li>\n<li>Mediaci\u00f3n.<\/li>\n<li>Escala de valores.<\/li>\n<li>Convivencia.<\/li>\n<li>Trabajar .<\/li>\n<li>Construida por todos.<\/li>\n<li>Prevenci\u00f3n.<\/li>\n<li>Di\u00e1logo.<\/li>\n<\/ul>\n","protected":false},"excerpt":{"rendered":"<p>Admisi\u00f3n El objetivo ha de ser buscar afinidad, compartir una visi\u00f3n del mundo, encontrar familias que resuenan con esta construcci\u00f3n de comunidad dentro de esta ciudad y su jungla de concreto. Conocer a las familias y al mismo tiempo dar a conocer el proyecto. Establecer, junto con la comisi\u00f3n de comunicaci\u00f3n externa las fechas de [&hellip;]<\/p>\n","protected":false},"author":1,"featured_media":0,"parent":382,"menu_order":3,"comment_status":"closed","ping_status":"closed","template":"","meta":{"footnotes":""},"class_list":["post-186","page","type-page","status-publish","hentry"],"_links":{"self":[{"href":"https:\/\/alascomunidad.org\/alas\/wp-json\/wp\/v2\/pages\/186","targetHints":{"allow":["GET"]}}],"collection":[{"href":"https:\/\/alascomunidad.org\/alas\/wp-json\/wp\/v2\/pages"}],"about":[{"href":"https:\/\/alascomunidad.org\/alas\/wp-json\/wp\/v2\/types\/page"}],"author":[{"embeddable":true,"href":"https:\/\/alascomunidad.org\/alas\/wp-json\/wp\/v2\/users\/1"}],"replies":[{"embeddable":true,"href":"https:\/\/alascomunidad.org\/alas\/wp-json\/wp\/v2\/comments?post=186"}],"version-history":[{"count":8,"href":"https:\/\/alascomunidad.org\/alas\/wp-json\/wp\/v2\/pages\/186\/revisions"}],"predecessor-version":[{"id":791,"href":"https:\/\/alascomunidad.org\/alas\/wp-json\/wp\/v2\/pages\/186\/revisions\/791"}],"up":[{"embeddable":true,"href":"https:\/\/alascomunidad.org\/alas\/wp-json\/wp\/v2\/pages\/382"}],"wp:attachment":[{"href":"https:\/\/alascomunidad.org\/alas\/wp-json\/wp\/v2\/media?parent=186"}],"curies":[{"name":"wp","href":"https:\/\/api.w.org\/{rel}","templated":true}]}}