{"id":283,"date":"2024-02-14T20:07:17","date_gmt":"2024-02-15T02:07:17","guid":{"rendered":"https:\/\/alascomunidad.org\/alas\/?page_id=283"},"modified":"2024-04-29T11:21:36","modified_gmt":"2024-04-29T17:21:36","slug":"conversatorio","status":"publish","type":"page","link":"https:\/\/alascomunidad.org\/alas\/nosotros\/conversatorio\/","title":{"rendered":"Conversatorio"},"content":{"rendered":"<h1>jueves 22 febrero 2024<\/h1>\n<p><img loading=\"lazy\" decoding=\"async\" class=\"alignnone wp-image-313\" src=\"https:\/\/alascomunidad.org\/alas\/wp-content\/uploads\/2024\/02\/1-300x169.jpg\" alt=\"\" width=\"935\" height=\"527\" srcset=\"https:\/\/alascomunidad.org\/alas\/wp-content\/uploads\/2024\/02\/1-300x169.jpg 300w, https:\/\/alascomunidad.org\/alas\/wp-content\/uploads\/2024\/02\/1-1024x576.jpg 1024w, https:\/\/alascomunidad.org\/alas\/wp-content\/uploads\/2024\/02\/1-768x432.jpg 768w, https:\/\/alascomunidad.org\/alas\/wp-content\/uploads\/2024\/02\/1-1536x864.jpg 1536w, https:\/\/alascomunidad.org\/alas\/wp-content\/uploads\/2024\/02\/1.jpg 1920w\" sizes=\"auto, (max-width: 935px) 100vw, 935px\" \/><\/p>\n<p><img loading=\"lazy\" decoding=\"async\" class=\"alignnone wp-image-314\" src=\"https:\/\/alascomunidad.org\/alas\/wp-content\/uploads\/2024\/02\/2-300x169.jpg\" alt=\"\" width=\"930\" height=\"524\" srcset=\"https:\/\/alascomunidad.org\/alas\/wp-content\/uploads\/2024\/02\/2-300x169.jpg 300w, https:\/\/alascomunidad.org\/alas\/wp-content\/uploads\/2024\/02\/2-1024x576.jpg 1024w, https:\/\/alascomunidad.org\/alas\/wp-content\/uploads\/2024\/02\/2-768x432.jpg 768w, https:\/\/alascomunidad.org\/alas\/wp-content\/uploads\/2024\/02\/2-1536x864.jpg 1536w, https:\/\/alascomunidad.org\/alas\/wp-content\/uploads\/2024\/02\/2.jpg 1920w\" sizes=\"auto, (max-width: 930px) 100vw, 930px\" \/><\/p>\n<p><img loading=\"lazy\" decoding=\"async\" class=\"alignnone wp-image-315\" src=\"https:\/\/alascomunidad.org\/alas\/wp-content\/uploads\/2024\/02\/3-300x169.jpg\" alt=\"\" width=\"930\" height=\"524\" srcset=\"https:\/\/alascomunidad.org\/alas\/wp-content\/uploads\/2024\/02\/3-300x169.jpg 300w, https:\/\/alascomunidad.org\/alas\/wp-content\/uploads\/2024\/02\/3-1024x576.jpg 1024w, https:\/\/alascomunidad.org\/alas\/wp-content\/uploads\/2024\/02\/3-768x432.jpg 768w, https:\/\/alascomunidad.org\/alas\/wp-content\/uploads\/2024\/02\/3-1536x864.jpg 1536w, https:\/\/alascomunidad.org\/alas\/wp-content\/uploads\/2024\/02\/3.jpg 1920w\" sizes=\"auto, (max-width: 930px) 100vw, 930px\" \/><\/p>\n<p><img loading=\"lazy\" decoding=\"async\" class=\"alignnone wp-image-316\" src=\"https:\/\/alascomunidad.org\/alas\/wp-content\/uploads\/2024\/02\/4-300x169.jpg\" alt=\"\" width=\"930\" height=\"524\" srcset=\"https:\/\/alascomunidad.org\/alas\/wp-content\/uploads\/2024\/02\/4-300x169.jpg 300w, https:\/\/alascomunidad.org\/alas\/wp-content\/uploads\/2024\/02\/4-1024x576.jpg 1024w, https:\/\/alascomunidad.org\/alas\/wp-content\/uploads\/2024\/02\/4-768x432.jpg 768w, https:\/\/alascomunidad.org\/alas\/wp-content\/uploads\/2024\/02\/4-1536x864.jpg 1536w, https:\/\/alascomunidad.org\/alas\/wp-content\/uploads\/2024\/02\/4.jpg 1920w\" sizes=\"auto, (max-width: 930px) 100vw, 930px\" \/><\/p>\n<p><img loading=\"lazy\" decoding=\"async\" class=\"alignnone wp-image-317\" src=\"https:\/\/alascomunidad.org\/alas\/wp-content\/uploads\/2024\/02\/5-300x169.jpg\" alt=\"\" width=\"930\" height=\"524\" srcset=\"https:\/\/alascomunidad.org\/alas\/wp-content\/uploads\/2024\/02\/5-300x169.jpg 300w, https:\/\/alascomunidad.org\/alas\/wp-content\/uploads\/2024\/02\/5-1024x576.jpg 1024w, https:\/\/alascomunidad.org\/alas\/wp-content\/uploads\/2024\/02\/5-768x432.jpg 768w, https:\/\/alascomunidad.org\/alas\/wp-content\/uploads\/2024\/02\/5-1536x864.jpg 1536w, https:\/\/alascomunidad.org\/alas\/wp-content\/uploads\/2024\/02\/5.jpg 1920w\" sizes=\"auto, (max-width: 930px) 100vw, 930px\" \/><\/p>\n<p><img loading=\"lazy\" decoding=\"async\" class=\"alignnone wp-image-318\" src=\"https:\/\/alascomunidad.org\/alas\/wp-content\/uploads\/2024\/02\/6-300x169.jpg\" alt=\"\" width=\"932\" height=\"525\" srcset=\"https:\/\/alascomunidad.org\/alas\/wp-content\/uploads\/2024\/02\/6-300x169.jpg 300w, https:\/\/alascomunidad.org\/alas\/wp-content\/uploads\/2024\/02\/6-1024x576.jpg 1024w, https:\/\/alascomunidad.org\/alas\/wp-content\/uploads\/2024\/02\/6-768x432.jpg 768w, https:\/\/alascomunidad.org\/alas\/wp-content\/uploads\/2024\/02\/6-1536x864.jpg 1536w, https:\/\/alascomunidad.org\/alas\/wp-content\/uploads\/2024\/02\/6.jpg 1920w\" sizes=\"auto, (max-width: 932px) 100vw, 932px\" \/><\/p>\n<p><img loading=\"lazy\" decoding=\"async\" class=\"alignnone wp-image-326\" src=\"https:\/\/alascomunidad.org\/alas\/wp-content\/uploads\/2024\/02\/alascomunidad.org_-300x169.jpg\" alt=\"\" width=\"932\" height=\"525\" srcset=\"https:\/\/alascomunidad.org\/alas\/wp-content\/uploads\/2024\/02\/alascomunidad.org_-300x169.jpg 300w, https:\/\/alascomunidad.org\/alas\/wp-content\/uploads\/2024\/02\/alascomunidad.org_-1024x576.jpg 1024w, https:\/\/alascomunidad.org\/alas\/wp-content\/uploads\/2024\/02\/alascomunidad.org_-768x432.jpg 768w, https:\/\/alascomunidad.org\/alas\/wp-content\/uploads\/2024\/02\/alascomunidad.org_-1536x864.jpg 1536w, https:\/\/alascomunidad.org\/alas\/wp-content\/uploads\/2024\/02\/alascomunidad.org_.jpg 1920w\" sizes=\"auto, (max-width: 932px) 100vw, 932px\" \/><\/p>\n<p><img loading=\"lazy\" decoding=\"async\" class=\"alignnone wp-image-320\" src=\"https:\/\/alascomunidad.org\/alas\/wp-content\/uploads\/2024\/02\/8-300x169.jpg\" alt=\"\" width=\"930\" height=\"524\" srcset=\"https:\/\/alascomunidad.org\/alas\/wp-content\/uploads\/2024\/02\/8-300x169.jpg 300w, https:\/\/alascomunidad.org\/alas\/wp-content\/uploads\/2024\/02\/8-1024x576.jpg 1024w, https:\/\/alascomunidad.org\/alas\/wp-content\/uploads\/2024\/02\/8-768x432.jpg 768w, https:\/\/alascomunidad.org\/alas\/wp-content\/uploads\/2024\/02\/8-1536x864.jpg 1536w, https:\/\/alascomunidad.org\/alas\/wp-content\/uploads\/2024\/02\/8.jpg 1920w\" sizes=\"auto, (max-width: 930px) 100vw, 930px\" \/><\/p>\n<p><img loading=\"lazy\" decoding=\"async\" class=\"alignnone wp-image-321\" src=\"https:\/\/alascomunidad.org\/alas\/wp-content\/uploads\/2024\/02\/9-300x169.jpg\" alt=\"\" width=\"930\" height=\"524\" srcset=\"https:\/\/alascomunidad.org\/alas\/wp-content\/uploads\/2024\/02\/9-300x169.jpg 300w, https:\/\/alascomunidad.org\/alas\/wp-content\/uploads\/2024\/02\/9-1024x576.jpg 1024w, https:\/\/alascomunidad.org\/alas\/wp-content\/uploads\/2024\/02\/9-768x432.jpg 768w, https:\/\/alascomunidad.org\/alas\/wp-content\/uploads\/2024\/02\/9-1536x864.jpg 1536w, https:\/\/alascomunidad.org\/alas\/wp-content\/uploads\/2024\/02\/9.jpg 1920w\" sizes=\"auto, (max-width: 930px) 100vw, 930px\" \/><\/p>\n<p><img loading=\"lazy\" decoding=\"async\" class=\"alignnone wp-image-322\" src=\"https:\/\/alascomunidad.org\/alas\/wp-content\/uploads\/2024\/02\/10-300x169.jpg\" alt=\"\" width=\"930\" height=\"524\" srcset=\"https:\/\/alascomunidad.org\/alas\/wp-content\/uploads\/2024\/02\/10-300x169.jpg 300w, https:\/\/alascomunidad.org\/alas\/wp-content\/uploads\/2024\/02\/10-1024x576.jpg 1024w, https:\/\/alascomunidad.org\/alas\/wp-content\/uploads\/2024\/02\/10-768x432.jpg 768w, https:\/\/alascomunidad.org\/alas\/wp-content\/uploads\/2024\/02\/10-1536x864.jpg 1536w, https:\/\/alascomunidad.org\/alas\/wp-content\/uploads\/2024\/02\/10.jpg 1920w\" sizes=\"auto, (max-width: 930px) 100vw, 930px\" \/><\/p>\n<p><img loading=\"lazy\" decoding=\"async\" class=\"alignnone wp-image-323\" src=\"https:\/\/alascomunidad.org\/alas\/wp-content\/uploads\/2024\/02\/11-300x169.jpg\" alt=\"\" width=\"930\" height=\"524\" srcset=\"https:\/\/alascomunidad.org\/alas\/wp-content\/uploads\/2024\/02\/11-300x169.jpg 300w, https:\/\/alascomunidad.org\/alas\/wp-content\/uploads\/2024\/02\/11-1024x576.jpg 1024w, https:\/\/alascomunidad.org\/alas\/wp-content\/uploads\/2024\/02\/11-768x432.jpg 768w, https:\/\/alascomunidad.org\/alas\/wp-content\/uploads\/2024\/02\/11-1536x864.jpg 1536w, https:\/\/alascomunidad.org\/alas\/wp-content\/uploads\/2024\/02\/11.jpg 1920w\" sizes=\"auto, (max-width: 930px) 100vw, 930px\" \/><\/p>\n<p><img loading=\"lazy\" decoding=\"async\" class=\"alignnone wp-image-324\" src=\"https:\/\/alascomunidad.org\/alas\/wp-content\/uploads\/2024\/02\/12-300x169.jpg\" alt=\"\" width=\"930\" height=\"524\" srcset=\"https:\/\/alascomunidad.org\/alas\/wp-content\/uploads\/2024\/02\/12-300x169.jpg 300w, https:\/\/alascomunidad.org\/alas\/wp-content\/uploads\/2024\/02\/12-1024x576.jpg 1024w, https:\/\/alascomunidad.org\/alas\/wp-content\/uploads\/2024\/02\/12-768x432.jpg 768w, https:\/\/alascomunidad.org\/alas\/wp-content\/uploads\/2024\/02\/12-1536x864.jpg 1536w, https:\/\/alascomunidad.org\/alas\/wp-content\/uploads\/2024\/02\/12.jpg 1920w\" sizes=\"auto, (max-width: 930px) 100vw, 930px\" \/><\/p>\n<h1>Orden del d\u00eda<\/h1>\n<ul>\n<li>6:30 Acomodo de sillas en C para todos vernos, galletas, agua, proyector, pantalla.<br \/>\nLa reuni\u00f3n la cordina {__________}<\/li>\n<li>7:00 Bienvendida nos la da {__________} y nos invita a la<\/li>\n<li>7:15 Presentaci\u00f3n de cada uno, nombre, y si quien \u00bfqu\u00e9 buscan? \u00bfpor qu\u00e9 est\u00e1n aqu\u00ed?<\/li>\n<li>7:30 {__________} nos platica lo qu\u00e9 es Alas<\/li>\n<li>7:40 {__________} nos presenta la asamblea de maypas,<br \/>\n{__________} nos presenta la asamblea de facilitadores<br \/>\n{__________} nos presenta la asamblea de estudiantes<\/li>\n<li>7:45 {__________} nos presenta las Comisiones<\/li>\n<li>7:50 {__________} presenta dos talleres {__________} presenta dos talleres {__________} presenta dos talleres<\/li>\n<li>7:55 Preguntas que tengan los invitados.<\/li>\n<li>8:25 Salida.<\/li>\n<\/ul>\n<h1>Desarrollo<\/h1>\n<h2>Bienvenida<\/h2>\n<p>Gracias por participar y por el inter\u00e9s de conocer este proyecto.<\/p>\n<ul>\n<li>Los invitamos a que Nos presentemos, nuestro nombre.<\/li>\n<li>Un poco de lo que nos trajo aqui.<\/li>\n<li>Y si tienen alguna pregunta.<\/li>\n<\/ul>\n<h2>Alas Comunidad de aprendizaje en libertad<\/h2>\n<p>Nosotros somos entre todos y las decisiones se toman de igual a igual. Si estamos organizados es de igual a igual, todos aportamos lazos que sostienen la comundiad de aprendizaje. Estamos aqu\u00ed por mi hija o mi hijo.<\/p>\n<p>Los Facilitadores estamos en b\u00fasqueda, as\u00ed inici\u00f3 Alas.<\/p>\n<p>Busc\u00e1mos que s\u00ed y que no ayuda en el aprendizaje, lo que ayuda para aprender a aprender.<\/p>\n<p>Buscamos c\u00f3mo la libertad, autonom\u00eda responsable, permite manipular la realidad y aprender de ella.<\/p>\n<p>La imaginaci\u00f3n siempre nos permite hacer otra pregunta, encontrar otro camino.<\/p>\n<p>Entusiamo, asombro cotidiano, la chispa.<\/p>\n<p>Miramos al conocimiento con diferentes ojos, de otro lado.<\/p>\n<p>Construimos en colectivo, encontramos entre todos, aprendemos juntos.<\/p>\n<p>Nos acercamos con humildad al conocimiento. Ofrecemos un espacio seguro en el que compartimos nuestros saberes y aprendemos.<\/p>\n<p>La relaci\u00f3n con el aprendizaje se da en una relaci\u00f3n.<\/p>\n<p>&nbsp;<\/p>\n<p>Busc\u00e1mos<\/p>\n<p>Humildad<\/p>\n<p>Espacio seguro<\/p>\n<p>Preguntamos<\/p>\n<p>Alas nace al buscar un espacio donde los estudiantes se apropien del conocimiento y de herramientas para aprender a aprender, ser cr\u00edticos y ciudadanos responsables.<\/p>\n<h2>Al aprender, que s\u00ed y que no<\/h2>\n<p>\u00bfQu\u00e9 pr\u00e1ctias no tienen cabida en Alas?<\/p>\n<p><img loading=\"lazy\" decoding=\"async\" class=\"alignnone wp-image-291\" src=\"https:\/\/alascomunidad.org\/alas\/wp-content\/uploads\/2024\/02\/WhatsApp-Image-2024-02-07-at-16.17.22-1-300x300.jpeg\" alt=\"\" width=\"604\" height=\"604\" srcset=\"https:\/\/alascomunidad.org\/alas\/wp-content\/uploads\/2024\/02\/WhatsApp-Image-2024-02-07-at-16.17.22-1-300x300.jpeg 300w, https:\/\/alascomunidad.org\/alas\/wp-content\/uploads\/2024\/02\/WhatsApp-Image-2024-02-07-at-16.17.22-1-1024x1024.jpeg 1024w, https:\/\/alascomunidad.org\/alas\/wp-content\/uploads\/2024\/02\/WhatsApp-Image-2024-02-07-at-16.17.22-1-150x150.jpeg 150w, https:\/\/alascomunidad.org\/alas\/wp-content\/uploads\/2024\/02\/WhatsApp-Image-2024-02-07-at-16.17.22-1-768x768.jpeg 768w, https:\/\/alascomunidad.org\/alas\/wp-content\/uploads\/2024\/02\/WhatsApp-Image-2024-02-07-at-16.17.22-1.jpeg 1080w\" sizes=\"auto, (max-width: 604px) 100vw, 604px\" \/><\/p>\n<h3>En Alas identificamos seis rasgos de la educaci\u00f3n institucional a los que decimos NO rotundamente<\/h3>\n<p>No al autoritarismo<\/p>\n<p>No a la fragmentaci\u00f3n de la realidad<\/p>\n<p>No a las transmisi\u00f3n vertical del saber<\/p>\n<p>No al individualismo<\/p>\n<p>No a la competencia<\/p>\n<p>No a la ganancia mercantil<\/p>\n<h3>En cambio en Alas S\u00cd buscamos<\/h3>\n<p>S\u00ed a la libertad<\/p>\n<p>S\u00ed a la integraci\u00f3n<\/p>\n<p>S\u00ed al pensamiento cr\u00edtico<\/p>\n<p>S\u00ed al sentido comunitario<\/p>\n<p>S\u00ed a la colaboraci\u00f3n<\/p>\n<p>S\u00ed a la corresponsabilidad<\/p>\n<h2>Pilares de la comunidad<\/h2>\n<p><img loading=\"lazy\" decoding=\"async\" class=\"alignnone wp-image-295\" src=\"https:\/\/alascomunidad.org\/alas\/wp-content\/uploads\/2024\/02\/AlasEsquema2-218x300.png\" alt=\"\" width=\"609\" height=\"838\" srcset=\"https:\/\/alascomunidad.org\/alas\/wp-content\/uploads\/2024\/02\/AlasEsquema2-218x300.png 218w, https:\/\/alascomunidad.org\/alas\/wp-content\/uploads\/2024\/02\/AlasEsquema2-745x1024.png 745w, https:\/\/alascomunidad.org\/alas\/wp-content\/uploads\/2024\/02\/AlasEsquema2-768x1055.png 768w, https:\/\/alascomunidad.org\/alas\/wp-content\/uploads\/2024\/02\/AlasEsquema2-1118x1536.png 1118w, https:\/\/alascomunidad.org\/alas\/wp-content\/uploads\/2024\/02\/AlasEsquema2-1490x2048.png 1490w\" sizes=\"auto, (max-width: 609px) 100vw, 609px\" \/><\/p>\n<h2>Asamblea de maypas<\/h2>\n<p>Nos reunimos el segundo lunes de cada mes a las 19:00 horas para terminar a las 20:30 horas.<\/p>\n<p>Estamos aprendiendo.<\/p>\n<p>\u00bfEn qu\u00e9 te ayudo? \u00bfEn qu\u00e9 me puedes ayudar?<\/p>\n<p><img loading=\"lazy\" decoding=\"async\" class=\"alignnone wp-image-292 \" src=\"https:\/\/alascomunidad.org\/alas\/wp-content\/uploads\/2024\/02\/WhatsApp-Image-2024-02-07-at-16.17.22-300x300.jpeg\" alt=\"\" width=\"599\" height=\"599\" srcset=\"https:\/\/alascomunidad.org\/alas\/wp-content\/uploads\/2024\/02\/WhatsApp-Image-2024-02-07-at-16.17.22-300x300.jpeg 300w, https:\/\/alascomunidad.org\/alas\/wp-content\/uploads\/2024\/02\/WhatsApp-Image-2024-02-07-at-16.17.22-1024x1024.jpeg 1024w, https:\/\/alascomunidad.org\/alas\/wp-content\/uploads\/2024\/02\/WhatsApp-Image-2024-02-07-at-16.17.22-150x150.jpeg 150w, https:\/\/alascomunidad.org\/alas\/wp-content\/uploads\/2024\/02\/WhatsApp-Image-2024-02-07-at-16.17.22-768x768.jpeg 768w, https:\/\/alascomunidad.org\/alas\/wp-content\/uploads\/2024\/02\/WhatsApp-Image-2024-02-07-at-16.17.22.jpeg 1080w\" sizes=\"auto, (max-width: 599px) 100vw, 599px\" \/><\/p>\n<h2>Asamblea de estudiantes<\/h2>\n<p>Nos reunim\u00f3s cada viernes en la \u00faltima hora.<\/p>\n<h2>Asamblea de profesores<\/h2>\n<p>Nos reunimos cada 15 d\u00edas.<br \/>\nTenemos capacitaciones.<\/p>\n<h2>Comisiones<\/h2>\n<p><a href=\"https:\/\/alascomunidad.org\/alas\/eldiaadia\/comisiones\/\">Comisiones<\/a><\/p>\n<p><img loading=\"lazy\" decoding=\"async\" class=\"alignnone wp-image-299\" src=\"https:\/\/alascomunidad.org\/alas\/wp-content\/uploads\/2024\/02\/comisiones-300x195.png\" alt=\"\" width=\"462\" height=\"300\" srcset=\"https:\/\/alascomunidad.org\/alas\/wp-content\/uploads\/2024\/02\/comisiones-300x195.png 300w, https:\/\/alascomunidad.org\/alas\/wp-content\/uploads\/2024\/02\/comisiones-1024x667.png 1024w, https:\/\/alascomunidad.org\/alas\/wp-content\/uploads\/2024\/02\/comisiones-768x500.png 768w, https:\/\/alascomunidad.org\/alas\/wp-content\/uploads\/2024\/02\/comisiones-1536x1000.png 1536w, https:\/\/alascomunidad.org\/alas\/wp-content\/uploads\/2024\/02\/comisiones-2048x1334.png 2048w\" sizes=\"auto, (max-width: 462px) 100vw, 462px\" \/><\/p>\n<h2>Talleres<\/h2>\n<p><a href=\"https:\/\/alascomunidad.org\/alas\/eldiaadia\/talleres\/\">Talleres<\/a><\/p>\n<h2>Preguntas<\/h2>\n<p><img loading=\"lazy\" decoding=\"async\" class=\"alignnone wp-image-301\" src=\"https:\/\/alascomunidad.org\/alas\/wp-content\/uploads\/2024\/02\/PaaosAlas-223x300.jpeg\" alt=\"\" width=\"556\" height=\"749\" srcset=\"https:\/\/alascomunidad.org\/alas\/wp-content\/uploads\/2024\/02\/PaaosAlas-223x300.jpeg 223w, https:\/\/alascomunidad.org\/alas\/wp-content\/uploads\/2024\/02\/PaaosAlas-768x1033.jpeg 768w, https:\/\/alascomunidad.org\/alas\/wp-content\/uploads\/2024\/02\/PaaosAlas-1142x1536.jpeg 1142w, https:\/\/alascomunidad.org\/alas\/wp-content\/uploads\/2024\/02\/PaaosAlas.jpeg 1190w\" sizes=\"auto, (max-width: 556px) 100vw, 556px\" \/><\/p>\n<p>&nbsp;<\/p>\n<p><img loading=\"lazy\" decoding=\"async\" class=\"alignnone size-medium wp-image-288\" src=\"https:\/\/alascomunidad.org\/alas\/wp-content\/uploads\/2024\/02\/WhatsApp-Image-2024-01-16-at-20.59.18-169x300.jpeg\" alt=\"\" width=\"169\" height=\"300\" srcset=\"https:\/\/alascomunidad.org\/alas\/wp-content\/uploads\/2024\/02\/WhatsApp-Image-2024-01-16-at-20.59.18-169x300.jpeg 169w, https:\/\/alascomunidad.org\/alas\/wp-content\/uploads\/2024\/02\/WhatsApp-Image-2024-01-16-at-20.59.18-576x1024.jpeg 576w, https:\/\/alascomunidad.org\/alas\/wp-content\/uploads\/2024\/02\/WhatsApp-Image-2024-01-16-at-20.59.18-768x1365.jpeg 768w, https:\/\/alascomunidad.org\/alas\/wp-content\/uploads\/2024\/02\/WhatsApp-Image-2024-01-16-at-20.59.18-864x1536.jpeg 864w, https:\/\/alascomunidad.org\/alas\/wp-content\/uploads\/2024\/02\/WhatsApp-Image-2024-01-16-at-20.59.18.jpeg 900w\" sizes=\"auto, (max-width: 169px) 100vw, 169px\" \/><\/p>\n<p><img loading=\"lazy\" decoding=\"async\" class=\"alignnone size-medium wp-image-287\" src=\"https:\/\/alascomunidad.org\/alas\/wp-content\/uploads\/2024\/02\/WhatsApp-Image-2024-01-16-at-20.59.19-169x300.jpeg\" alt=\"\" width=\"169\" height=\"300\" srcset=\"https:\/\/alascomunidad.org\/alas\/wp-content\/uploads\/2024\/02\/WhatsApp-Image-2024-01-16-at-20.59.19-169x300.jpeg 169w, https:\/\/alascomunidad.org\/alas\/wp-content\/uploads\/2024\/02\/WhatsApp-Image-2024-01-16-at-20.59.19-576x1024.jpeg 576w, https:\/\/alascomunidad.org\/alas\/wp-content\/uploads\/2024\/02\/WhatsApp-Image-2024-01-16-at-20.59.19-768x1365.jpeg 768w, https:\/\/alascomunidad.org\/alas\/wp-content\/uploads\/2024\/02\/WhatsApp-Image-2024-01-16-at-20.59.19-864x1536.jpeg 864w, https:\/\/alascomunidad.org\/alas\/wp-content\/uploads\/2024\/02\/WhatsApp-Image-2024-01-16-at-20.59.19.jpeg 900w\" sizes=\"auto, (max-width: 169px) 100vw, 169px\" \/><\/p>\n<p><img loading=\"lazy\" decoding=\"async\" class=\"alignnone size-medium wp-image-286\" src=\"https:\/\/alascomunidad.org\/alas\/wp-content\/uploads\/2024\/02\/WhatsApp-Image-2024-01-16-at-20.59.19-1-169x300.jpeg\" alt=\"\" width=\"169\" height=\"300\" srcset=\"https:\/\/alascomunidad.org\/alas\/wp-content\/uploads\/2024\/02\/WhatsApp-Image-2024-01-16-at-20.59.19-1-169x300.jpeg 169w, https:\/\/alascomunidad.org\/alas\/wp-content\/uploads\/2024\/02\/WhatsApp-Image-2024-01-16-at-20.59.19-1-576x1024.jpeg 576w, https:\/\/alascomunidad.org\/alas\/wp-content\/uploads\/2024\/02\/WhatsApp-Image-2024-01-16-at-20.59.19-1-768x1365.jpeg 768w, https:\/\/alascomunidad.org\/alas\/wp-content\/uploads\/2024\/02\/WhatsApp-Image-2024-01-16-at-20.59.19-1-864x1536.jpeg 864w, https:\/\/alascomunidad.org\/alas\/wp-content\/uploads\/2024\/02\/WhatsApp-Image-2024-01-16-at-20.59.19-1.jpeg 900w\" sizes=\"auto, (max-width: 169px) 100vw, 169px\" \/><\/p>\n<p><img loading=\"lazy\" decoding=\"async\" class=\"alignnone size-medium wp-image-289\" src=\"https:\/\/alascomunidad.org\/alas\/wp-content\/uploads\/2024\/02\/WhatsApp-Image-2024-01-16-at-20.59.17-169x300.jpeg\" alt=\"\" width=\"169\" height=\"300\" srcset=\"https:\/\/alascomunidad.org\/alas\/wp-content\/uploads\/2024\/02\/WhatsApp-Image-2024-01-16-at-20.59.17-169x300.jpeg 169w, https:\/\/alascomunidad.org\/alas\/wp-content\/uploads\/2024\/02\/WhatsApp-Image-2024-01-16-at-20.59.17-576x1024.jpeg 576w, https:\/\/alascomunidad.org\/alas\/wp-content\/uploads\/2024\/02\/WhatsApp-Image-2024-01-16-at-20.59.17-768x1365.jpeg 768w, https:\/\/alascomunidad.org\/alas\/wp-content\/uploads\/2024\/02\/WhatsApp-Image-2024-01-16-at-20.59.17-864x1536.jpeg 864w, https:\/\/alascomunidad.org\/alas\/wp-content\/uploads\/2024\/02\/WhatsApp-Image-2024-01-16-at-20.59.17.jpeg 900w\" sizes=\"auto, (max-width: 169px) 100vw, 169px\" \/><\/p>\n<p><img loading=\"lazy\" decoding=\"async\" class=\"alignnone size-medium wp-image-290\" src=\"https:\/\/alascomunidad.org\/alas\/wp-content\/uploads\/2024\/02\/WhatsApp-Image-2024-01-16-at-20.59.16-169x300.jpeg\" alt=\"\" width=\"169\" height=\"300\" srcset=\"https:\/\/alascomunidad.org\/alas\/wp-content\/uploads\/2024\/02\/WhatsApp-Image-2024-01-16-at-20.59.16-169x300.jpeg 169w, https:\/\/alascomunidad.org\/alas\/wp-content\/uploads\/2024\/02\/WhatsApp-Image-2024-01-16-at-20.59.16-576x1024.jpeg 576w, https:\/\/alascomunidad.org\/alas\/wp-content\/uploads\/2024\/02\/WhatsApp-Image-2024-01-16-at-20.59.16-768x1365.jpeg 768w, https:\/\/alascomunidad.org\/alas\/wp-content\/uploads\/2024\/02\/WhatsApp-Image-2024-01-16-at-20.59.16-864x1536.jpeg 864w, https:\/\/alascomunidad.org\/alas\/wp-content\/uploads\/2024\/02\/WhatsApp-Image-2024-01-16-at-20.59.16.jpeg 900w\" sizes=\"auto, (max-width: 169px) 100vw, 169px\" \/><\/p>\n<p>&nbsp;<\/p>\n","protected":false},"excerpt":{"rendered":"<p>jueves 22 febrero 2024 Orden del d\u00eda 6:30 Acomodo de sillas en C para todos vernos, galletas, agua, proyector, pantalla. La reuni\u00f3n la cordina {__________} 7:00 Bienvendida nos la da {__________} y nos invita a la 7:15 Presentaci\u00f3n de cada uno, nombre, y si quien \u00bfqu\u00e9 buscan? \u00bfpor qu\u00e9 est\u00e1n aqu\u00ed? 7:30 {__________} nos platica [&hellip;]<\/p>\n","protected":false},"author":1,"featured_media":0,"parent":384,"menu_order":8,"comment_status":"closed","ping_status":"closed","template":"","meta":{"footnotes":""},"class_list":["post-283","page","type-page","status-publish","hentry"],"_links":{"self":[{"href":"https:\/\/alascomunidad.org\/alas\/wp-json\/wp\/v2\/pages\/283","targetHints":{"allow":["GET"]}}],"collection":[{"href":"https:\/\/alascomunidad.org\/alas\/wp-json\/wp\/v2\/pages"}],"about":[{"href":"https:\/\/alascomunidad.org\/alas\/wp-json\/wp\/v2\/types\/page"}],"author":[{"embeddable":true,"href":"https:\/\/alascomunidad.org\/alas\/wp-json\/wp\/v2\/users\/1"}],"replies":[{"embeddable":true,"href":"https:\/\/alascomunidad.org\/alas\/wp-json\/wp\/v2\/comments?post=283"}],"version-history":[{"count":13,"href":"https:\/\/alascomunidad.org\/alas\/wp-json\/wp\/v2\/pages\/283\/revisions"}],"predecessor-version":[{"id":328,"href":"https:\/\/alascomunidad.org\/alas\/wp-json\/wp\/v2\/pages\/283\/revisions\/328"}],"up":[{"embeddable":true,"href":"https:\/\/alascomunidad.org\/alas\/wp-json\/wp\/v2\/pages\/384"}],"wp:attachment":[{"href":"https:\/\/alascomunidad.org\/alas\/wp-json\/wp\/v2\/media?parent=283"}],"curies":[{"name":"wp","href":"https:\/\/api.w.org\/{rel}","templated":true}]}}