{"id":3,"date":"2022-11-24T17:50:38","date_gmt":"2022-11-24T17:50:38","guid":{"rendered":"https:\/\/alascomunidad.org\/alas\/?page_id=3"},"modified":"2024-04-29T11:21:17","modified_gmt":"2024-04-29T17:21:17","slug":"politicas","status":"publish","type":"page","link":"https:\/\/alascomunidad.org\/alas\/nosotros\/politicas\/","title":{"rendered":"Pol\u00edtica de privacidad"},"content":{"rendered":"\r\n<h2 class=\"wp-block-heading\">Nosotros<\/h2>\r\n\r\n\r\n\r\n<p>Nos puedes encontrar enviando un correo a c o n t a c t o @alascomunidad.org.<\/p>\r\n\r\n\r\n\r\n<h2 class=\"wp-block-heading\">Comentarios<\/h2>\r\n\r\n\r\n\r\n<p>Cualquier visitante nos puede dejar comentarios. El sitio alascomunidad.org usa los datos que se muestran en el formulario de comentarios adem\u00e1s, para evitar spam se usa la ip, el navegador y el texto en el campo agente usuario.<\/p>\r\n\r\n\r\n\r\n<p>Adem\u00e1s con su correo se crea una cadena de texto an\u00f3nima que se le entrega al servicio Gravatar para validar que es una persona la que usa el servicio. Cuando su comentario sea aprobado, la foto de su perfil es visible al p\u00fablico junto con su comentario.<\/p>\r\n\r\n\r\n\r\n<h2 class=\"wp-block-heading\">Fotos<\/h2>\r\n\r\n\r\n\r\n<p>Se recomienda subir fotos sin informaci\u00f3n de d\u00f3nde fue tomada (EXIF GPS) pues de igual forma se puede descargar y los visitantes pueden hacer mal uso de eso. Las fotos no deben tener derechos de autor y al subirlas ceden los derechos para que se puedan publicar en este sitio web.<\/p>\r\n\r\n\r\n\r\n<h2 class=\"wp-block-heading\">Cookies (galletas)<\/h2>\r\n\r\n\r\n\r\n<p>Cuando usted deja un comentario en el sitio puede optar por dejar su nombre, correo, y otros datos en las galletas. Esto es para su conveniencia pues ya no tendr\u00e1 que capturar toda esa info al dejar otro comentario despu\u00e9s. Estas galletas se guardan un a\u00f1o.<\/p>\r\n\r\n\r\n\r\n<p>Al visitar la p\u00e1gina de ingreso, se genera un galleta termporal para determinar si su navegador acepta galletas. \u00c9sta no contiene informaci\u00f3n personal y se elimina al cerrar el navegador.<\/p>\r\n\r\n\r\n\r\n<p>Cuando usted ingrese, tambi\u00e9n se van a generar diferentes galletas para guardar sus credenciales de ingreso, as\u00ed como sus opciones de pantalla. Estas solo se guardan por d\u00edas. Si selecciona la opci\u00f3n de recuerdame (Remember Me), los datos de ingreso se guardan dos semanas.<\/p>\r\n\r\n\r\n\r\n<p>Si usted edita o publica un art\u00edculo o entrada, se crea una galleta que se guarda en su navegador. No tiene datos personales, simplemente guarda el n\u00famero de identificaci\u00f3n del art\u00edculo. Expira en un d\u00eda.<\/p>\r\n\r\n\r\n\r\n<h2 class=\"wp-block-heading\">Contenido embebido de otros sitios web<\/h2>\r\n\r\n\r\n\r\n<p>Algunas entradas pueden contener contenido de otros sitios (videos, im\u00e1gnes). Este contendio se comporta exactamente como si el visitante estuviera en el otro sitio.<\/p>\r\n\r\n\r\n\r\n<p>Estos otors sitios pueden recolectar datos de usted, el uso, as\u00ed como el seguimiento de sitios terceros y monitoreo de sus activiades.<\/p>\r\n\r\n\r\n\r\n<h2 class=\"wp-block-heading\">Con quien compartimos su informaci\u00f3n<\/h2>\r\n\r\n\r\n\r\n<p>Si desea cambiar su clave de acceso, se el env\u00eda un correo con el proceso el cual incluye su ip.<\/p>\r\n\r\n\r\n\r\n<p>Este es un sitio web que se ve en el mundo entero.<\/p>\r\n\r\n\r\n\r\n<h2 class=\"wp-block-heading\">Por cu\u00e1nto tiempo guardamos sus datos<\/h2>\r\n\r\n\r\n\r\n<p>Si deja un comentario, \u00e9ste y su metadata de guardan indefinidamente.<\/p>\r\n\r\n\r\n\r\n<p>Para usuarios que se registran en alascomunidad.org tambi\u00e9n se guarda la informaci\u00f3n persoanl en el perfil de usuario. Cada usuario puede ver, editar o borrar esta informaci\u00f3n personal en cualquier momento. Lo que no se puede cambiar es el nombre de usuario. El administrador del sitio, tambi\u00e9n puede ver la informaci\u00f3n.<\/p>\r\n\r\n\r\n\r\n<h2 class=\"wp-block-heading\">Qu\u00e9 derechos tiene sobre sus datos<\/h2>\r\n\r\n\r\n\r\n<p>Si tiene una cuenta en este sitio, o ha dejado comentarios, puede pedir una copia de esta informaci\u00f3n. Tambi\u00e9n, puede solicitar que se borren sus datos personales a exepci\u00f3n de los que se tengan que mantener por motivos administrativos, legales o de seguridad.<\/p>\r\n","protected":false},"excerpt":{"rendered":"<p>Nosotros Nos puedes encontrar enviando un correo a c o n t a c t o @alascomunidad.org. Comentarios Cualquier visitante nos puede dejar comentarios. El sitio alascomunidad.org usa los datos que se muestran en el formulario de comentarios adem\u00e1s, para evitar spam se usa la ip, el navegador y el texto en el campo agente [&hellip;]<\/p>\n","protected":false},"author":1,"featured_media":0,"parent":384,"menu_order":9,"comment_status":"closed","ping_status":"closed","template":"","meta":{"footnotes":""},"class_list":["post-3","page","type-page","status-publish","hentry"],"_links":{"self":[{"href":"https:\/\/alascomunidad.org\/alas\/wp-json\/wp\/v2\/pages\/3","targetHints":{"allow":["GET"]}}],"collection":[{"href":"https:\/\/alascomunidad.org\/alas\/wp-json\/wp\/v2\/pages"}],"about":[{"href":"https:\/\/alascomunidad.org\/alas\/wp-json\/wp\/v2\/types\/page"}],"author":[{"embeddable":true,"href":"https:\/\/alascomunidad.org\/alas\/wp-json\/wp\/v2\/users\/1"}],"replies":[{"embeddable":true,"href":"https:\/\/alascomunidad.org\/alas\/wp-json\/wp\/v2\/comments?post=3"}],"version-history":[{"count":1,"href":"https:\/\/alascomunidad.org\/alas\/wp-json\/wp\/v2\/pages\/3\/revisions"}],"predecessor-version":[{"id":12,"href":"https:\/\/alascomunidad.org\/alas\/wp-json\/wp\/v2\/pages\/3\/revisions\/12"}],"up":[{"embeddable":true,"href":"https:\/\/alascomunidad.org\/alas\/wp-json\/wp\/v2\/pages\/384"}],"wp:attachment":[{"href":"https:\/\/alascomunidad.org\/alas\/wp-json\/wp\/v2\/media?parent=3"}],"curies":[{"name":"wp","href":"https:\/\/api.w.org\/{rel}","templated":true}]}}